{"id":840,"date":"2019-11-28T09:45:07","date_gmt":"2019-11-28T08:45:07","guid":{"rendered":"http:\/\/magic-box.nl\/product\/magicbox-xl\/"},"modified":"2026-01-14T12:33:59","modified_gmt":"2026-01-14T11:33:59","slug":"produktfotografie-magicbox-xl","status":"publish","type":"product","link":"https:\/\/magic-box.nl\/de\/produkt\/produktfotografie-magicbox-xl\/","title":{"rendered":"MagicBOX XL"},"content":{"rendered":"<p><strong>Professionelle Produktfotografie im Haus.<\/strong><\/p>\n<p>Sind Sie auf der Suche nach einer einfachen M\u00f6glichkeit, Ihre eigenen professionellen Produktfotos f\u00fcr Ihren Webshop, Ihre sozialen Medien oder Ihre Website zu erstellen?<br \/>\nDas MagicBOX XL Fotostudio bietet die perfekte L\u00f6sung.<\/p>\n<p>Dank der Tageslicht-LED-Beleuchtung erh\u00e4lt Ihr Produkt die Aufmerksamkeit, die es verdient, und Sie erhalten immer ein scharfes und gut belichtetes Foto oder Video.<br \/>\nDas diffuse Licht kommt von der Seite\/von hinten, wenn es aufrecht verwendet wird, und wenn es auf der Seite verwendet wird, von unten\/von der Decke und von hinten.<\/p>\n<p>Keine Schatten, immer ein klarer Hintergrund, der wenig bis gar keine Nachbearbeitung erfordert.<\/p>\n<p>Die Vorteile des Fotografierens Ihrer eigenen Produkte im Haus.<\/p>\n<p>Es ist kostensparend, Sie brauchen keine teuren Fotografen- und Bearbeitungsgeb\u00fchren.<br \/>\nSie sind flexibel, Sie machen das Foto, wenn es gebraucht wird, und als Verk\u00e4ufer wissen Sie am besten, wie Sie Ihr Produkt am besten darstellen k\u00f6nnen.<\/p>\n<p>Eigene Fotos von Ihren Produkten sind einzigartig und heben Sie von Ihren Konkurrenten ab. Gute Fotos verringern die Retouren.<br \/>\nSie schaffen Ruhe auf Ihrer Website: Gestalten Sie alle Produkte auf die gleiche Weise.<br \/>\nEinfach zu bedienen, selbst mit einem Mobiltelefon machen Sie die besten Fotos. <\/p>\n<p>Mit der MagicBOX XL k\u00f6nnen Sie Ihre Produktfotografie ganz einfach verbessern und Ihre Produkte auf Ihrer Website, in den sozialen Medien oder im Webshop professionell aussehen lassen!<\/p>\n<p>F\u00fcr die Aufnahme von 360\u00b0-Videos ist ein <strong><a href=\"https:\/\/www.magic-box.nl\/product\/draaiplateau-voor-magicbox\/\">separater Drehtisch<\/a><\/strong> separat bestellt werden. Eine &#8220;Schutzt\u00fcr <strong><a href=\"https:\/\/www.magic-box.nl\/product\/deur-voor-magicbox-xl\/\">T\u00fcr<\/a><\/strong> kann ebenfalls bestellt werden. <\/p>\n<p>Wenn Sie Ihre Kamera immer in der N\u00e4he der MagicBOX aufbewahren und ein manuelles Standbild haben m\u00f6chten, f\u00fcgen Sie den<strong> <a href=\"https:\/\/www.magic-box.nl\/product\/katrol-camera-standaard\/\">Umlenkrolle mit Kamerahalterung<\/a><\/strong> Hinzuf\u00fcgen.<\/p>\n<p>Von der MagicBOX XL Fotobox gibt es auch eine gr\u00f6\u00dfere Version, die <a href=\"https:\/\/magic-box.nl\/de\/produkt\/fashionfotografie-magicbox-xxl\/\">MagicBOX XXL<\/a><\/p>\n<p><strong>Die MagicBOX XL kann auch auf der Seite liegend verwendet werden, obwohl dies vom Produkt abh\u00e4ngt.<br \/>\n<\/strong><strong>Der Boden neigt sich dann nach hinten, und wenn keine gleichm\u00e4\u00dfige Belastung vorliegt, ist die Oberfl\u00e4che m\u00f6glicherweise nicht ganz eben.<\/strong><\/p>\n","protected":false},"excerpt":{"rendered":"<p><strong>Professionelle Produktfotografie im eigenen Haus<br \/>\n<\/strong>M\u00f6chten Sie selbst schnell und einfach professionelle Produktfotos machen?<br \/>\nMit der MagicBOX XL k\u00f6nnen Sie gestochen scharfe Bilder mit wei\u00dfem Hintergrund erstellen, perfekt f\u00fcr Webshops, soziale Medien und Brosch\u00fcren.<\/p>\n<p>\u2705 <strong>Ideal f\u00fcr gro\u00dfe Produkte<\/strong> wie Mode, Elektronik, Sportartikel, Kleinm\u00f6bel, Vasen, Pflanzen und Blumen, Heim- und Dekorationsartikel.<br \/>\n\u2705 <strong>Perfekte Beleuchtung<\/strong> dank diffusem Licht (LED-Tageslichtqualit\u00e4t) von der gesamten Seitenr\u00fcckseite &#8211; keine Schatten, immer ein heller Hintergrund.<br \/>\n\u2705 <strong>Flexibel im Einsatz <\/strong>MagicBOX kann auf die Seite gedreht werden.<br \/>\n<strong>\u2705 Kostensparend<\/strong> &#8211; kein teurer Fotograf erforderlich.<br \/>\n\u2705 <strong>Belastbarkeit &#8211; <\/strong>wenn sie auf der Seite verwendet wird, ist die Belastung produktabh\u00e4ngig, wir informieren Sie gerne. Wenn sie aufrecht verwendet wird, ist die MagicBOX XL sehr belastbar. <\/p>\n<p>Mit der MagicBOX XL k\u00f6nnen Sie Ihre <strong>Produktfotografie<\/strong> ganz einfach verbessern und Ihre Produkte auf Ihrer Website, in Ihrem Webshop oder in den sozialen Medien professionell aussehen lassen.<\/p>\n<p>Wenn die MagicBOX XL etwas zu niedrig ist, ist die MagicBOX XXL die gr\u00f6\u00dfere Variante <a href=\"https:\/\/magic-box.nl\/de\/produkt\/fashionfotografie-magicbox-xxl\/\">MagicBOX XXL<\/a><br \/>\nWenn Sie auch Videos machen wollen, w\u00e4hlen Sie den separaten <a href=\"https:\/\/magic-box.nl\/de\/produkt\/produktvideo-magicbox-horizontaal-360\/\">MagicBOX Turntable<\/a><\/p>\n","protected":false},"featured_media":1031,"comment_status":"closed","ping_status":"closed","template":"","meta":{"_acf_changed":false,"_et_pb_use_builder":"","_et_pb_old_content":"","_et_gb_content_width":""},"product_brand":[],"product_cat":[73],"product_tag":[],"class_list":{"0":"post-840","1":"product","2":"type-product","3":"status-publish","4":"has-post-thumbnail","6":"product_cat-magicbox-de","7":"product_shipping_class-zwaar-de","9":"first","10":"instock","11":"featured","12":"taxable","13":"shipping-taxable","14":"purchasable","15":"product-type-simple"},"acf":[],"_links":{"self":[{"href":"https:\/\/magic-box.nl\/de\/wp-json\/wp\/v2\/product\/840","targetHints":{"allow":["GET"]}}],"collection":[{"href":"https:\/\/magic-box.nl\/de\/wp-json\/wp\/v2\/product"}],"about":[{"href":"https:\/\/magic-box.nl\/de\/wp-json\/wp\/v2\/types\/product"}],"replies":[{"embeddable":true,"href":"https:\/\/magic-box.nl\/de\/wp-json\/wp\/v2\/comments?post=840"}],"wp:featuredmedia":[{"embeddable":true,"href":"https:\/\/magic-box.nl\/de\/wp-json\/wp\/v2\/media\/1031"}],"wp:attachment":[{"href":"https:\/\/magic-box.nl\/de\/wp-json\/wp\/v2\/media?parent=840"}],"wp:term":[{"taxonomy":"product_brand","embeddable":true,"href":"https:\/\/magic-box.nl\/de\/wp-json\/wp\/v2\/product_brand?post=840"},{"taxonomy":"product_cat","embeddable":true,"href":"https:\/\/magic-box.nl\/de\/wp-json\/wp\/v2\/product_cat?post=840"},{"taxonomy":"product_tag","embeddable":true,"href":"https:\/\/magic-box.nl\/de\/wp-json\/wp\/v2\/product_tag?post=840"}],"curies":[{"name":"wp","href":"https:\/\/api.w.org\/{rel}","templated":true}]}}